{"id":129,"date":"2021-09-08T09:15:20","date_gmt":"2021-09-08T09:15:20","guid":{"rendered":"https:\/\/veinerschull.lu\/?page_id=129"},"modified":"2025-11-25T07:49:00","modified_gmt":"2025-11-25T07:49:00","slug":"lasep-musep","status":"publish","type":"page","link":"https:\/\/veinerschull.lu\/index.php\/lasep-musep\/","title":{"rendered":"LASEP"},"content":{"rendered":"<div class=\"wpb-content-wrapper\"><p>[vc_row][vc_column][vc_text_separator title=&#8220;LASEP&#8220; color=&#8220;green&#8220; border_width=&#8220;2&#8243;][vc_column_text css=&#8220;&#8220;]<strong>Les horaires de Lasep pour l\u2019ann\u00e9e scolaire 2025-2026:<\/strong><\/p>\n<p><strong>C1: Mercredi de 16h30-17h30<\/strong><\/p>\n<p><strong>C2: Lundi et Vendredi de 12h45-13h45<\/strong><\/p>\n<p><strong>C3 + C4: Mercredi de 12h45-13h45<\/strong>[\/vc_column_text][vc_column_text css=&#8220;&#8220;][\/vc_column_text][vc_separator][vc_empty_space height=&#8220;42px&#8220;][vc_column_text css=&#8220;&#8220;]<\/p>\n<div class=\"layoutArea\">\n<div class=\"column\">\n<div class=\"page\" title=\"Page 9\">\n<div class=\"section\">\n<div class=\"layoutArea\">\n<div class=\"column\">\n<p class=\"p1\">La Ligue des Associations Sportives de l\u2019Enseignement Fondamental, LASEP, a \u00e9t\u00e9 cr\u00e9\u00e9e en 1964 et est ancr\u00e9e dans la loi scolaire du 6 f\u00e9vrier 2009.<\/p>\n<p class=\"p1\">La \u00ab Veiner LASEP \u00bb propose aux \u00e9l\u00e8ves des diff\u00e9rents cycles (C1-C4) une multitude d\u2019activit\u00e9s sportives tout au long de l\u2019ann\u00e9e scolaire en dehors de l\u2019horaire scolaire. Ainsi, les enfants peuvent participer chaque semaine aux activit\u00e9s propos\u00e9es par les dirigeants de la \u00ab Veiner LASEP \u00bb.<br \/>\nChaque enfant inscrit re\u00e7oit d\u2019une part une carte de membre afin de pouvoir participer aux diff\u00e9rentes manifestations organis\u00e9es dans le cadre de la LASEP et d\u2019autre part un tout nouveau tricot sportif de la \u00abVeiner LASEP \u00bb.<\/p>\n<\/div>\n<\/div>\n<\/div>\n<\/div>\n<\/div>\n<\/div>\n<p>[\/vc_column_text][\/vc_column][\/vc_row][vc_column width=&#8220;1\/4&#8243;][\/vc_column][vc_row][vc_column][vc_message]<\/p>\n<div class=\"page\" title=\"Page 15\">\n<div class=\"layoutArea\">\n<div class=\"column\">\n<p>Veuillez noter qu\u2019il n\u2019y a pas d\u2019activite\u0301s LASEP ni pendant les vacances scolaires ni pendant les jours fe\u0301rie\u0301s.<\/p>\n<\/div>\n<\/div>\n<\/div>\n<p>[\/vc_message][\/vc_column][\/vc_row][vc_row][vc_column][vc_column_text css=&#8220;&#8220;]<\/p>\n<div class=\"page\" title=\"Page 15\">\n<div class=\"layoutArea\">\n<div class=\"column\">\n<div class=\"page\" title=\"Page 9\">\n<div class=\"section\">\n<div class=\"layoutArea\">\n<div class=\"column\">\n<p>Avant, pendant et apre\u0300s les activite\u0301s, les enfants seront surveille\u0301s et encadre\u0301s par les diffe\u0301rents dirigeants :<\/p>\n<ul>\n<li>\n<div class=\"page\" title=\"Page 17\">\n<div class=\"section\">\n<div class=\"layoutArea\">\n<div class=\"column\">\n<ul>\n<li>Mme FERREIRA LOPES Patricia<\/li>\n<li>Mme SCHOLTES Laura<\/li>\n<li>M. FELTEN Tom<\/li>\n<\/ul>\n<\/div>\n<\/div>\n<\/div>\n<\/div>\n<\/li>\n<\/ul>\n<p>Les horaires des diffe\u0301rents cycles voire d\u2019e\u0301ventuels changements au niveau de l\u2019horaire pendant l\u2019anne\u0301e scolaire vous seront communique\u0301s bien e\u0301videmment dans les meilleurs de\u0301lais.<\/p>\n<\/div>\n<\/div>\n<\/div>\n<\/div>\n<div class=\"page\" title=\"Page 15\">\n<div class=\"section\">\n<div class=\"layoutArea\">\n<div class=\"column\">\n<div class=\"page\" title=\"Page 15\">\n<div class=\"layoutArea\">\n<div class=\"column\">\n<div class=\"page\" title=\"Page 15\">\n<div class=\"section\">\n<div class=\"layoutArea\">\n<div class=\"column\">\n<p>Pour tout renseignement supple\u0301mentaire veuillez-vous adresser a\u0300 :<\/p>\n<p>Mme Lopes Patricia &#8211; t\u00e9l.: 26 87 58 44 &#8211; courriel: <a href=\"mailto:patricia.ferreiralopes@education.lu\">patricia.ferreiralopes@education.lu<\/a><\/p>\n<div class=\"page\" title=\"Page 15\">\n<div class=\"layoutArea\">\n<div class=\"column\">\n<p>Veuillez consulter le site <a href=\"https:\/\/www.lasep.lu\" target=\"_blank\" rel=\"noopener\">www.lasep.lu<\/a> pour toute information relative a\u0300 la LASEP.<\/p>\n<\/div>\n<\/div>\n<\/div>\n<\/div>\n<\/div>\n<\/div>\n<\/div>\n<\/div>\n<\/div>\n<\/div>\n<\/div>\n<\/div>\n<\/div>\n<\/div>\n<\/div>\n<\/div>\n<\/div>\n<p>[\/vc_column_text][\/vc_column][\/vc_row][vc_row][vc_column][vc_single_image image=&#8220;305&#8243; img_size=&#8220;full&#8220; alignment=&#8220;center&#8220; onclick=&#8220;custom_link&#8220; img_link_target=&#8220;_blank&#8220; link=&#8220;https:\/\/www.lasep.lu&#8220;][\/vc_column][\/vc_row]<\/p>\n<\/div>","protected":false},"excerpt":{"rendered":"<p>[vc_row][vc_column][vc_text_separator title=&#8220;LASEP&#8220; color=&#8220;green&#8220; border_width=&#8220;2&#8243;][vc_column_text css=&#8220;&#8220;]Les horaires de Lasep pour l\u2019ann\u00e9e scolaire 2025-2026: C1: Mercredi de 16h30-17h30 C2: Lundi et Vendredi de 12h45-13h45 C3 + C4: Mercredi de 12h45-13h45[\/vc_column_text][vc_column_text css=&#8220;&#8220;][\/vc_column_text][vc_separator][vc_empty_space height=&#8220;42px&#8220;][vc_column_text css=&#8220;&#8220;] La Ligue des Associations Sportives de l\u2019Enseignement Fondamental, LASEP, a \u00e9t\u00e9 cr\u00e9\u00e9e en 1964 et est ancr\u00e9e dans la loi scolaire du 6 f\u00e9vrier&hellip;<\/p>\n","protected":false},"author":1,"featured_media":0,"parent":0,"menu_order":0,"comment_status":"closed","ping_status":"closed","template":"","meta":{"footnotes":""},"class_list":["post-129","page","type-page","status-publish","hentry","description-off"],"_links":{"self":[{"href":"https:\/\/veinerschull.lu\/index.php\/wp-json\/wp\/v2\/pages\/129","targetHints":{"allow":["GET"]}}],"collection":[{"href":"https:\/\/veinerschull.lu\/index.php\/wp-json\/wp\/v2\/pages"}],"about":[{"href":"https:\/\/veinerschull.lu\/index.php\/wp-json\/wp\/v2\/types\/page"}],"author":[{"embeddable":true,"href":"https:\/\/veinerschull.lu\/index.php\/wp-json\/wp\/v2\/users\/1"}],"replies":[{"embeddable":true,"href":"https:\/\/veinerschull.lu\/index.php\/wp-json\/wp\/v2\/comments?post=129"}],"version-history":[{"count":29,"href":"https:\/\/veinerschull.lu\/index.php\/wp-json\/wp\/v2\/pages\/129\/revisions"}],"predecessor-version":[{"id":2044,"href":"https:\/\/veinerschull.lu\/index.php\/wp-json\/wp\/v2\/pages\/129\/revisions\/2044"}],"wp:attachment":[{"href":"https:\/\/veinerschull.lu\/index.php\/wp-json\/wp\/v2\/media?parent=129"}],"curies":[{"name":"wp","href":"https:\/\/api.w.org\/{rel}","templated":true}]}}