{"id":139,"date":"2021-09-14T10:10:24","date_gmt":"2021-09-14T10:10:24","guid":{"rendered":"https:\/\/veinerschull.lu\/?page_id=139"},"modified":"2025-09-04T09:10:48","modified_gmt":"2025-09-04T09:10:48","slug":"transport-scolaire-schuelertransport","status":"publish","type":"page","link":"https:\/\/veinerschull.lu\/index.php\/transport-scolaire-schuelertransport\/","title":{"rendered":"Transport scolaire &#8211; Sch\u00fclertransport"},"content":{"rendered":"<div class=\"wpb-content-wrapper\"><p>[vc_row][vc_column][vc_text_separator title=&#8220;LE TRANSPORT SCOLAIRE&#8220; i_icon_fontawesome=&#8220;fa fa-solid fa-bus&#8220; i_color=&#8220;custom&#8220; color=&#8220;custom&#8220; css=&#8220;&#8220; add_icon=&#8220;true&#8220; i_custom_color=&#8220;#dd3333&#8243; accent_color=&#8220;#dd3333&#8243;][vc_column_text css=&#8220;&#8220;]<\/p>\n<div class=\"page\" title=\"Page 17\">\n<div class=\"section\">\n<div class=\"section\">\n<div class=\"layoutArea\">\n<div class=\"column\">\n<p class=\"p1\">Pour des raisons \u00e9cologiques et de sant\u00e9, l\u2019\u00e9quipe enseignante recommande vivement aux parents d\u2019encourager leurs enfants \u00e0 se d\u00e9placer \u00e0 pied, \u00e0 v\u00e9lo ou bien \u00e0 trottinette \u00e0 l\u2019\u00e9cole.<\/p>\n<p class=\"p2\">L\u2019administration communale a organis\u00e9 un service de ramassage scolaire pour les \u00e9l\u00e8ves fr\u00e9quentant l\u2019\u00e9cole fondamentale de Vianden. Le transport scolaire n\u2019est pas un service obligatoire et est offert gratuitement aux enfants de l\u2019enseignement fondamental de la commune de Vianden.<\/p>\n<\/div>\n<\/div>\n<\/div>\n<\/div>\n<\/div>\n<p>[\/vc_column_text][vc_column_text css=&#8220;&#8220;]<\/p>\n<p class=\"p1\"><strong>AU CAS O\u00d9 UN ENFANT A RAT\u00c9 LE BUS APR\u00c8S LES COURS, LES PARENTS EN SERONT INFORM\u00c9S PAR LA PERSONNE CHARG\u00c9E DE LA SURVEILLANCE DE BUS ET SERONT PRI\u00c9S, DANS LA MESURE DU POSSIBLE, DE R\u00c9CUP\u00c9RER LEUR ENFANT \u00c0 LA MAISON RELAIS.<\/strong><\/p>\n<p>[\/vc_column_text][\/vc_column][\/vc_row][vc_row][vc_column]<q class=\"text-big shortcode-pullquote wf-cell align-left wf-1\"><div class=\"page\" title=\"Page 18\">\n<div class=\"section\">\n<div class=\"layoutArea\">\n<div class=\"column\">\n<p>ATTENTION :<\/p>\n<\/div>\n<\/div>\n<div class=\"layoutArea\">\n<div class=\"column\">\n<p>Il va sans dire que tous les e\u0301le\u0300ves sont tenus de se conformer aux ordres du chauffeur de bus ! Ainsi, la commune se re\u0301serve le droit d\u2019appliquer le re\u0300glement communal concernant le transport scolaire en cas de non-respect du pre\u0301sent <a href=\"https:\/\/veinerschull.lu\/wp-content\/uploads\/2022\/09\/reglementtranspot.pdf\" target=\"_blank\" rel=\"noopener\">re\u0300glement<\/a> . \u00a0Si un enfant ne se tient pas aux re\u0300gles du re\u0300glement communal : Apre\u0300s le 1er avertissement, les parents seront contacte\u0301s, le 2e avertissement entrai\u0302ne une exclusion du transport scolaire.<\/p>\n<\/div>\n<\/div>\n<\/div>\n<\/div>\n<\/q>[vc_column_text]<\/p>\n<div class=\"page\" title=\"Page 18\">\n<div class=\"section\">\n<div class=\"layoutArea\">\n<div class=\"column\">\n<p><strong>Au cas ou\u0300 un enfant a rate\u0301 le bus apre\u0300s les cours, les parents en seront informe\u0301s par la personne charge\u0301e de la surveillance de bus et seront prie\u0301s, dans la mesure du possible, de re\u0301cupe\u0301rer leur enfant a\u0300 la Maison Relais.<\/strong><\/p>\n<\/div>\n<\/div>\n<\/div>\n<\/div>\n<p>[\/vc_column_text][vc_column_text css=&#8220;&#8220;]<\/p>\n<p class=\"p1\"><strong>LE SERVICE DE TRANSPORT BLM : UN MAILLON ESSENTIEL DE NOTRE COMMUNAUT\u00c9 \u00c9DUCATIVE<\/strong><\/p>\n<p>[\/vc_column_text][vc_column_text css=&#8220;&#8220;]<\/p>\n<p class=\"p1\">\u00c0 l\u2019\u00e9cole fondamentale de Vianden, nous avons la chance de pouvoir compter sur un service de transport scolaire fiable \u2013 BLM \u2013 ponctuel et parfaitement int\u00e9gr\u00e9 \u00e0 notre quotidien \u00e9ducatif. Nos deux chauffeurs de bus, Cristove et Manuel, bien plus que de simples conducteurs, font v\u00e9ritablement partie de notre \u00e9quipe p\u00e9dagogique \u00e9largie. Toujours disponibles, flexibles et bienveillants, ils nous accompagnent r\u00e9guli\u00e8rement lors des sorties p\u00e9dagogiques, contribuant ainsi activement \u00e0 la r\u00e9ussite de nombreux projets scolaires. Leur implication et leur sens du service sont particuli\u00e8rement appr\u00e9ci\u00e9s, tant par l\u2019\u00e9quipe \u00e9ducative que par les \u00e9l\u00e8ves.<\/p>\n<p class=\"p1\">En 2024, les enfants ont m\u00eame eu l\u2019opportunit\u00e9 de participer \u00e0 la d\u00e9coration de l\u2019un des bus scolaires. Un projet cr\u00e9atif et collectif qui a renforc\u00e9 leur sentiment d\u2019appartenance et apport\u00e9 une touche personnelle et joyeuse \u00e0 leur moyen de transport quotidien. Nous adressons un grand merci \u00e0 nos chauffeurs pour leur engagement exemplaire et leur collaboration pr\u00e9cieuse \u2013 ils font pleinement partie de la belle dynamique de notre \u00e9cole.<\/p>\n<p>[\/vc_column_text][vc_single_image image=&#8220;1916&#8243; img_size=&#8220;full&#8220; css=&#8220;&#8220;][\/vc_column][\/vc_row][vc_row][vc_column][vc_text_separator title=&#8220;LE CHEMIN S\u00c9CURIS\u00c9 VERS L\u2019\u00c9COLE&#8220; i_icon_fontawesome=&#8220;fa fa-solid fa-hands-holding-child&#8220; i_color=&#8220;custom&#8220; color=&#8220;custom&#8220; css=&#8220;&#8220; add_icon=&#8220;true&#8220; i_custom_color=&#8220;#dd3333&#8243; accent_color=&#8220;#dd3333&#8243;][vc_empty_space][vc_column_text css=&#8220;&#8220;]<\/p>\n<p class=\"p1\"><strong>LES ENFANTS EN TANT QUE PI\u00c9TONS !<\/strong><\/p>\n<p class=\"p2\">L\u2018air frais et le mouvement mettent de bonne humeur et pr\u00e9parent les enfants pour la journ\u00e9e d\u2019\u00e9cole. Par cons\u00e9quent, l\u2019\u00e9quipe p\u00e9dagogique recommande aux \u00e9coliers de se rendre \u00e0 pied \u00e0 l\u2018\u00e9cole. C\u2018est aussi cela qui permettra aux enfants de devenir ind\u00e9pendants et d\u2018apprendre \u00e0 respecter les r\u00e8gles de la circulation.<\/p>\n<p>[\/vc_column_text][vc_empty_space][vc_column_text css=&#8220;&#8220;]<\/p>\n<div class=\"section\">\n<div class=\"section\">\n<div class=\"layoutArea\">\n<div class=\"column\">\n<p class=\"p1\"><strong>Se d\u00e9placer \u00e0 pied:<\/strong><\/p>\n<\/div>\n<\/div>\n<\/div>\n<\/div>\n<div class=\"section\">\n<div class=\"layoutArea\">\n<div class=\"column\">\n<ul>\n<li>\u00a0L\u2019enfant devrait e\u0302tre accompagne\u0301 en cas de possibilite\u0301 par un adulte sur le chemin de l\u2019e\u0301cole.<\/li>\n<li>\u00a0Les enfants qui doivent parcourir le me\u0302me chemin sont invite\u0301s a\u0300 ce faire en petits groupes<\/li>\n<li>\u00a0Les enfants doivent porter des ve\u0302tements munis de re\u0301flecteurs ou des ve\u0302tements clairs surtout pendant les mois ou\u0300 il fait nuit plus longtemps.<\/li>\n<li>\u00a0Il va sans dire que les enfants doivent bien se tenir sur le trottoir et garder une certaine distance par rapport a\u0300 la route et ne pas se balancer sur le trottoir.<\/li>\n<\/ul>\n<\/div>\n<\/div>\n<\/div>\n<p>[\/vc_column_text][\/vc_column][\/vc_row][vc_row][vc_column width=&#8220;1\/4&#8243;][vc_single_image image=&#8220;318&#8243; img_size=&#8220;full&#8220; onclick=&#8220;img_link_large&#8220; img_link_target=&#8220;_blank&#8220; css=&#8220;&#8220;][\/vc_column][vc_column width=&#8220;3\/4&#8243;][vc_column_text]<\/p>\n<div class=\"page\" title=\"Page 17\">\n<div class=\"section\">\n<div class=\"section\">\n<div class=\"layoutArea\">\n<div class=\"column\">\n<p><strong>Se garer devant l\u2018e\u0301cole<\/strong><\/p>\n<\/div>\n<\/div>\n<\/div>\n<div class=\"section\">\n<div class=\"layoutArea\">\n<div class=\"column\">\n<p>Tous les chauffeurs sont prie\u0301s de respecter au moment du de\u0301po\u0302t ou de la prise en charge de leurs enfants, les dispositions du code de la route. <span style=\"color: #ff0000;\">Une priorite\u0301 absolue est re\u0301serve\u0301e a\u0300 la se\u0301curite\u0301 des enfants. Une circulation aise\u0301e du bus scolaire doit e\u0302tre garantie. A\u0300 ces fins, il y a lieu de ne pas garer ou arre\u0302ter les voitures sur les trottoirs ou les passages a\u0300 pie\u0301tons. Nous vous prions de bien vouloir garer votre voiture sur<\/span> <span style=\"color: #3366ff;\">le parking sousterrain<\/span> <span style=\"color: #ff0000;\">ou<\/span> <span style=\"color: #3366ff;\">le parking 1<\/span> <span style=\"color: #ff0000;\">marque\u0301s sur le plan.<\/span><\/p>\n<\/div>\n<\/div>\n<\/div>\n<\/div>\n<\/div>\n<p>[\/vc_column_text][\/vc_column][\/vc_row][vc_row][vc_column][vc_single_image image=&#8220;1917&#8243; img_size=&#8220;full&#8220; css=&#8220;&#8220;][\/vc_column][\/vc_row][vc_row][vc_column width=&#8220;1\/2&#8243;][vc_single_image image=&#8220;1588&#8243; img_size=&#8220;large&#8220; onclick=&#8220;img_link_large&#8220; img_link_target=&#8220;_blank&#8220; css=&#8220;&#8220;][\/vc_column][vc_column width=&#8220;1\/2&#8243;][vc_single_image image=&#8220;1589&#8243; img_size=&#8220;large&#8220; onclick=&#8220;img_link_large&#8220; img_link_target=&#8220;_blank&#8220; css=&#8220;&#8220;][\/vc_column][\/vc_row]<\/p>\n<\/div>","protected":false},"excerpt":{"rendered":"<p>[vc_row][vc_column][vc_text_separator title=&#8220;LE TRANSPORT SCOLAIRE&#8220; i_icon_fontawesome=&#8220;fa fa-solid fa-bus&#8220; i_color=&#8220;custom&#8220; color=&#8220;custom&#8220; css=&#8220;&#8220; add_icon=&#8220;true&#8220; i_custom_color=&#8220;#dd3333&#8243; accent_color=&#8220;#dd3333&#8243;][vc_column_text css=&#8220;&#8220;] Pour des raisons \u00e9cologiques et de sant\u00e9, l\u2019\u00e9quipe enseignante recommande vivement aux parents d\u2019encourager leurs enfants \u00e0 se d\u00e9placer \u00e0 pied, \u00e0 v\u00e9lo ou bien \u00e0 trottinette \u00e0 l\u2019\u00e9cole. L\u2019administration communale a organis\u00e9 un service de ramassage scolaire pour les \u00e9l\u00e8ves&hellip;<\/p>\n","protected":false},"author":1,"featured_media":0,"parent":0,"menu_order":0,"comment_status":"closed","ping_status":"closed","template":"","meta":{"footnotes":""},"class_list":["post-139","page","type-page","status-publish","hentry","description-off"],"_links":{"self":[{"href":"https:\/\/veinerschull.lu\/index.php\/wp-json\/wp\/v2\/pages\/139","targetHints":{"allow":["GET"]}}],"collection":[{"href":"https:\/\/veinerschull.lu\/index.php\/wp-json\/wp\/v2\/pages"}],"about":[{"href":"https:\/\/veinerschull.lu\/index.php\/wp-json\/wp\/v2\/types\/page"}],"author":[{"embeddable":true,"href":"https:\/\/veinerschull.lu\/index.php\/wp-json\/wp\/v2\/users\/1"}],"replies":[{"embeddable":true,"href":"https:\/\/veinerschull.lu\/index.php\/wp-json\/wp\/v2\/comments?post=139"}],"version-history":[{"count":28,"href":"https:\/\/veinerschull.lu\/index.php\/wp-json\/wp\/v2\/pages\/139\/revisions"}],"predecessor-version":[{"id":1918,"href":"https:\/\/veinerschull.lu\/index.php\/wp-json\/wp\/v2\/pages\/139\/revisions\/1918"}],"wp:attachment":[{"href":"https:\/\/veinerschull.lu\/index.php\/wp-json\/wp\/v2\/media?parent=139"}],"curies":[{"name":"wp","href":"https:\/\/api.w.org\/{rel}","templated":true}]}}