{"id":1941,"date":"2025-09-04T11:56:34","date_gmt":"2025-09-04T11:56:34","guid":{"rendered":"https:\/\/veinerschull.lu\/?page_id=1941"},"modified":"2025-09-04T11:56:34","modified_gmt":"2025-09-04T11:56:34","slug":"elteren-fir-dvakanzekolonie","status":"publish","type":"page","link":"https:\/\/veinerschull.lu\/index.php\/elteren-fir-dvakanzekolonie\/","title":{"rendered":"Elteren fir d\u2019Vakanzekolonie"},"content":{"rendered":"<div class=\"wpb-content-wrapper\"><p>[vc_row][vc_column][vc_single_image image=&#8220;1596&#8243; img_size=&#8220;medium&#8220; alignment=&#8220;center&#8220; css=&#8220;&#8220;][\/vc_column][\/vc_row][vc_row][vc_column width=&#8220;1\/2&#8243;][vc_column_text css=&#8220;&#8220;]<\/p>\n<p class=\"p1\">D\u2019 \u201dElteren fir d\u2019Vakanzekolonie\u201d steet fir eng flott Equipe, d\u00e9i sech zesummegedoen huet, mam Zil eis Veiner Schullkanner gl\u00e9cklech ze maachen.<\/p>\n<p class=\"p1\"><strong>Fir d\u00ebst ze erreechen si mer op 2 Man\u00e9ieren aktiv<\/strong>: Op der enger S\u00e4it organis\u00e9iere mer divers Eventer, w\u00e9i d\u2019Kr\u00ebstbeemercher asammelen, de Kannerfuasbal, d\u2018Kirmes, Halloween um Schlooss oder mer bedeelegen eis un Veiner Eventer, w\u00e9i de N\u00ebssmoort, de Kr\u00ebstmoort.<\/p>\n<p class=\"p1\">Op der anerer S\u00e4it \u00ebnnerst\u00ebtze mer d\u2019Veiner Schull finanziell fir dass d\u00e9i verschidde Klassen ee m\u00e9i groussen oder e puer kleng Ausflich k\u00ebnnen organis\u00e9ieren. Finanz\u00e9iert g\u00ebtt dat dann duerch eis Eventer. Aktuell besteet eise Ver\u00e4in aus 6 Kommiteesleit an vereenzelt Memberen a Fr\u00ebnn, d\u00e9i eis \u00ebmmer versichen eng Hand unzepaken.<\/p>\n<p class=\"p1\">Mer g\u00e9ifen eis free\u00ebn, wann eis Equipe nach e b\u00ebssi Verst\u00e4erkung g\u00e9if kr\u00e9ien.<\/p>\n<p>[\/vc_column_text][\/vc_column][vc_column width=&#8220;1\/2&#8243;][vc_column_text css=&#8220;&#8220;]<\/p>\n<p class=\"p1\">L\u2019association \u201eElteren fir d\u2019Vakanzekolonie\u201c repr\u00e9sente une \u00e9quipe qui s\u2019est r\u00e9unie dans le but de rendre heureux nos enfants \u00e0 l\u2019\u00e9cole de Vianden.<\/p>\n<p class=\"p1\"><strong>Pour y parvenir, nous sommes actifs de 2 mani\u00e8res<\/strong> : D\u2019une part, nous organisons divers \u00e9v\u00e9nements, comme la collecte des sapins de No\u00ebl, le bal de carnaval pour enfants, la Kirmes, Halloween au ch\u00e2teau ou nous participons \u00e0 des \u00e9v\u00e9nements de Vianden, comme le march\u00e9 aux noix, le march\u00e9 de No\u00ebl.<\/p>\n<p class=\"p1\">D\u2019autre part, nous soutenons financi\u00e8rement l\u2019\u00e9cole de Vianden afin que les classes puissent organiser une grande ou plusieurs petites excursions pendant une ann\u00e9e scolaire. Ces excursions seront financ\u00e9es gr\u00e2ce \u00e0 nos \u00e9v\u00e9nements.<\/p>\n<p class=\"p1\">Actuellement, notre club est compos\u00e9 de 6 responsables de comit\u00e9 et de quelques membres et amis qui essaient toujours de nous donner un coup de main.<\/p>\n<p class=\"p1\">Nous serions heureux si notre \u00e9quipe recevait un petit renfort.<\/p>\n<p>[\/vc_column_text][\/vc_column][\/vc_row][vc_row][vc_column][vc_single_image image=&#8220;1664&#8243; img_size=&#8220;full&#8220; alignment=&#8220;center&#8220; style=&#8220;vc_box_rounded&#8220; css=&#8220;&#8220;][\/vc_column][\/vc_row]<\/p>\n<\/div>","protected":false},"excerpt":{"rendered":"<p>[vc_row][vc_column][vc_single_image image=&#8220;1596&#8243; img_size=&#8220;medium&#8220; alignment=&#8220;center&#8220; css=&#8220;&#8220;][\/vc_column][\/vc_row][vc_row][vc_column width=&#8220;1\/2&#8243;][vc_column_text css=&#8220;&#8220;] D\u2019 \u201dElteren fir d\u2019Vakanzekolonie\u201d steet fir eng flott Equipe, d\u00e9i sech zesummegedoen huet, mam Zil eis Veiner Schullkanner gl\u00e9cklech ze maachen. Fir d\u00ebst ze erreechen si mer op 2 Man\u00e9ieren aktiv: Op der enger S\u00e4it organis\u00e9iere mer divers Eventer, w\u00e9i d\u2019Kr\u00ebstbeemercher asammelen, de Kannerfuasbal, d\u2018Kirmes, Halloween um Schlooss&hellip;<\/p>\n","protected":false},"author":1,"featured_media":0,"parent":0,"menu_order":0,"comment_status":"closed","ping_status":"closed","template":"","meta":{"footnotes":""},"class_list":["post-1941","page","type-page","status-publish","hentry","description-off"],"_links":{"self":[{"href":"https:\/\/veinerschull.lu\/index.php\/wp-json\/wp\/v2\/pages\/1941","targetHints":{"allow":["GET"]}}],"collection":[{"href":"https:\/\/veinerschull.lu\/index.php\/wp-json\/wp\/v2\/pages"}],"about":[{"href":"https:\/\/veinerschull.lu\/index.php\/wp-json\/wp\/v2\/types\/page"}],"author":[{"embeddable":true,"href":"https:\/\/veinerschull.lu\/index.php\/wp-json\/wp\/v2\/users\/1"}],"replies":[{"embeddable":true,"href":"https:\/\/veinerschull.lu\/index.php\/wp-json\/wp\/v2\/comments?post=1941"}],"version-history":[{"count":6,"href":"https:\/\/veinerschull.lu\/index.php\/wp-json\/wp\/v2\/pages\/1941\/revisions"}],"predecessor-version":[{"id":1947,"href":"https:\/\/veinerschull.lu\/index.php\/wp-json\/wp\/v2\/pages\/1941\/revisions\/1947"}],"wp:attachment":[{"href":"https:\/\/veinerschull.lu\/index.php\/wp-json\/wp\/v2\/media?parent=1941"}],"curies":[{"name":"wp","href":"https:\/\/api.w.org\/{rel}","templated":true}]}}