{"id":1957,"date":"2025-09-04T12:28:50","date_gmt":"2025-09-04T12:28:50","guid":{"rendered":"https:\/\/veinerschull.lu\/?page_id=1957"},"modified":"2025-09-04T12:36:30","modified_gmt":"2025-09-04T12:36:30","slug":"le-chien-scolaire","status":"publish","type":"page","link":"https:\/\/veinerschull.lu\/index.php\/le-chien-scolaire\/","title":{"rendered":"LE CHIEN SCOLAIRE"},"content":{"rendered":"<div class=\"wpb-content-wrapper\"><p>[vc_row][vc_column]<div class=\"dt-fancy-separator title-left text-big\" style=\"width: 100%;\"><div class=\"dt-fancy-title\" style=\"color: #DD3333;\"><span class=\"separator-holder separator-left\"><\/span>KAREL: NOTRE CHIEN SCOLAIRE AU SERVICE DES \u00c9COLIERS DE L\u2019\u00c9COLE DE VIANDEN<span class=\"separator-holder separator-right\"><\/span><\/div><\/div>[vc_empty_space height=&#8220;62px&#8220;][\/vc_column][\/vc_row][vc_row][vc_column][vc_column_text css=&#8220;&#8220;]Inauguration du premier chien scolaires \u00e0 l&#8217;\u00e9cole fondamentale de Vianden<\/p>\n<p class=\"p3\">Depuis la fin du mois d\u2019avril, l\u2019\u00e9cole fondamentale de Vianden a le plaisir d\u2019int\u00e9grer officiellement son tout premier chien scolaire : Karel. Ce labrador noir, accompagn\u00e9 de sa r\u00e9f\u00e9rente Mme Anouk Galassi, a brillamment r\u00e9ussi l\u2019ensemble des \u00e9valuations requises, obtenant une certification avec distinction.<\/p>\n<p class=\"p3\">Dans le cadre d\u2019objectifs p\u00e9dagogiques centr\u00e9s sur l\u2019\u00e9l\u00e8ve, Karel joue un r\u00f4le actif dans le soutien des processus d\u2019apprentissage, avec un accent particulier sur le d\u00e9veloppement des comp\u00e9tences \u00e9motionnelles et sociales. Pr\u00e9sent plusieurs jours par semaine dans les classes, il contribue \u00e0 instaurer un climat de s\u00e9curit\u00e9, de confiance et de bien-\u00eatre parmi les \u00e9l\u00e8ves. Son impact est particuli\u00e8rement b\u00e9n\u00e9fique pour les enfants pr\u00e9sentant des besoins sp\u00e9cifiques, pour lesquels il constitue un rep\u00e8re rassurant au quotidien.<\/p>\n<p class=\"p3\">L\u2019\u00e9cole remercie chaleureusement Mme Galassi et Karel pour leur engagement exemplaire au service du bien-\u00eatre scolaire.<\/p>\n<p>[\/vc_column_text][\/vc_column][\/vc_row][vc_row][vc_column width=&#8220;1\/2&#8243;][vc_single_image image=&#8220;1782&#8243; img_size=&#8220;large&#8220; alignment=&#8220;center&#8220; style=&#8220;vc_box_rounded&#8220; css=&#8220;&#8220;][\/vc_column][vc_column width=&#8220;1\/2&#8243;][vc_single_image image=&#8220;1781&#8243; img_size=&#8220;large&#8220; alignment=&#8220;center&#8220; style=&#8220;vc_box_rounded&#8220; css=&#8220;&#8220;][\/vc_column][\/vc_row]<\/p>\n<\/div>","protected":false},"excerpt":{"rendered":"<p>[vc_row][vc_column][vc_empty_space height=&#8220;62px&#8220;][\/vc_column][\/vc_row][vc_row][vc_column][vc_column_text css=&#8220;&#8220;]Inauguration du premier chien scolaires \u00e0 l&#8217;\u00e9cole fondamentale de Vianden Depuis la fin du mois d\u2019avril, l\u2019\u00e9cole fondamentale de Vianden a le plaisir d\u2019int\u00e9grer officiellement son tout premier chien scolaire : Karel. Ce labrador noir, accompagn\u00e9 de sa r\u00e9f\u00e9rente Mme Anouk Galassi, a brillamment r\u00e9ussi l\u2019ensemble des \u00e9valuations requises, obtenant une certification avec&hellip;<\/p>\n","protected":false},"author":1,"featured_media":0,"parent":0,"menu_order":0,"comment_status":"closed","ping_status":"closed","template":"","meta":{"footnotes":""},"class_list":["post-1957","page","type-page","status-publish","hentry","description-off"],"_links":{"self":[{"href":"https:\/\/veinerschull.lu\/index.php\/wp-json\/wp\/v2\/pages\/1957","targetHints":{"allow":["GET"]}}],"collection":[{"href":"https:\/\/veinerschull.lu\/index.php\/wp-json\/wp\/v2\/pages"}],"about":[{"href":"https:\/\/veinerschull.lu\/index.php\/wp-json\/wp\/v2\/types\/page"}],"author":[{"embeddable":true,"href":"https:\/\/veinerschull.lu\/index.php\/wp-json\/wp\/v2\/users\/1"}],"replies":[{"embeddable":true,"href":"https:\/\/veinerschull.lu\/index.php\/wp-json\/wp\/v2\/comments?post=1957"}],"version-history":[{"count":5,"href":"https:\/\/veinerschull.lu\/index.php\/wp-json\/wp\/v2\/pages\/1957\/revisions"}],"predecessor-version":[{"id":1964,"href":"https:\/\/veinerschull.lu\/index.php\/wp-json\/wp\/v2\/pages\/1957\/revisions\/1964"}],"wp:attachment":[{"href":"https:\/\/veinerschull.lu\/index.php\/wp-json\/wp\/v2\/media?parent=1957"}],"curies":[{"name":"wp","href":"https:\/\/api.w.org\/{rel}","templated":true}]}}